{"id":265,"date":"2025-02-12T00:18:16","date_gmt":"2025-02-11T23:18:16","guid":{"rendered":"https:\/\/www.aeavocats.fr\/index.php\/mentions-legales\/"},"modified":"2025-02-24T21:59:22","modified_gmt":"2025-02-24T20:59:22","slug":"mentions-legales","status":"publish","type":"page","link":"https:\/\/www.aeavocats.fr\/index.php\/mentions-legales\/","title":{"rendered":"Mentions l\u00e9gales"},"content":{"rendered":"<p>Conform\u00e9ment aux dispositions des Articles 6-III et 19 de la Loi n\u00b02004-575 du 21 juin 2004 pour la Confiance dans l\u2019\u00e9conomie num\u00e9rique, dite L.C.E.N., il est port\u00e9 \u00e0 la connaissance des utilisateurs et visiteurs, ci-apr\u00e8s l'\u00a0\u00bbUtilisateur\u00a0\u00bb, du site www.aeavocats.fr, ci-apr\u00e8s le \u00ab\u00a0Site\u00a0\u00bb, les pr\u00e9sentes mentions l\u00e9gales.<\/p>\n<p>La connexion et la navigation sur le Site par l\u2019Utilisateur implique acceptation int\u00e9grale et sans r\u00e9serve des pr\u00e9sentes mentions l\u00e9gales.<\/p>\n<p>Ces derni\u00e8res sont accessibles sur le Site \u00e0 la rubrique \u00ab Mentions l\u00e9gales \u00bb.<\/p>\n<h2>Article 1 &#8211; L&rsquo;\u00e9diteur<\/h2>\n<p>\u00a0<\/p>\n<p>L&rsquo;\u00e9dition du Site est assur\u00e9e par AE AVOCATS au capital de 3000 euros, immatricul\u00e9e au Registre du Commerce et des Soci\u00e9t\u00e9s de La Roche-sur-Yon sous le num\u00e9ro 978 965 192 dont le si\u00e8ge social est situ\u00e9 au : 74 RUE DU GENERAL DE CASTELNAU 85000 LA ROCHE-SUR-YON.<br \/>Num\u00e9ro de t\u00e9l\u00e9phone : 06 31 03 89 15<br \/>Adresse e-mail : a.ebongue@aeavocats.fr<br \/>N\u00b0 de TVA intracommunautaire : FR10978965192<\/p>\n<p>\u200d<br \/>Le Directeur de la publication est Aristide Ebongue, ci-apr\u00e8s l'\u00a0\u00bbEditeur\u00a0\u00bb.<\/p>\n<h2>Article 2 &#8211; L&rsquo;h\u00e9bergeur<\/h2>\n<p>\u200d<\/p>\n<p>L&rsquo;h\u00e9bergeur du Site est la soci\u00e9t\u00e9 Webflow, Inc., dont le si\u00e8ge social est situ\u00e9 au : 398 11 Street, Floor 2, San Francisco, CA 94103, USA.<\/p>\n<h2>Article 3 &#8211; Acc\u00e8s au site<\/h2>\n<p>\u200d<\/p>\n<p>Le Site est accessible en tout endroit,7j\/7, 24h\/24 sauf cas de force majeure, interruption programm\u00e9e ou non et pouvant d\u00e9coulant d\u2019une n\u00e9cessit\u00e9 de maintenance.<br \/>Encas de modification, interruption ou suspension du Site, l&rsquo;Editeur ne saurait \u00eatre tenu responsable.<\/p>\n<p>\u200d<\/p>\n<h2>Article 4 &#8211; Collecte des donn\u00e9es<\/h2>\n<p>\u200d<\/p>\n<p>Le Site assure \u00e0 l&rsquo;Utilisateur une collecte et un traitement d&rsquo;informations personnelles dans le respect de la vie priv\u00e9e conform\u00e9ment \u00e0 la loi n\u00b078-17 du 6 janvier 1978 relative \u00e0 l&rsquo;informatique, aux fichiers et aux libert\u00e9s.<\/p>\n<p>\u200d<br \/>En vertu de la loi Informatique et Libert\u00e9s, en date du 6 janvier 1978,l&rsquo;Utilisateur dispose d&rsquo;un droit d&rsquo;acc\u00e8s, de rectification, de suppression et d&rsquo;opposition de ses donn\u00e9es personnelles. L&rsquo;Utilisateur exerce ce droit via : un formulaire de contact.<\/p>\n<p>\u200d<br \/>Toute utilisation, reproduction, diffusion, commercialisation, modification de toute ou partie du Site, sans autorisation de l\u2019Editeur est prohib\u00e9e et pourra entra\u00een\u00e9e des actions et poursuites judiciaires telles que notamment pr\u00e9vues parle Code de la propri\u00e9t\u00e9 intellectuelle et le Code civil.<\/p>\n<p>Date d\u2019entr\u00e9e en vigueur : le 15 mars 2024<\/p>\n","protected":false},"excerpt":{"rendered":"<p>Conform\u00e9ment aux dispositions des Articles 6-III et 19 de la Loi n\u00b02004-575 du 21 juin 2004 pour la&#8230;<\/p>\n","protected":false},"author":2,"featured_media":0,"parent":0,"menu_order":0,"comment_status":"open","ping_status":"open","template":"","meta":{"footnotes":""},"class_list":["post-265","page","type-page","status-publish"],"yoast_head":"<!-- This site is optimized with the Yoast SEO plugin v25.5 - https:\/\/yoast.com\/wordpress\/plugins\/seo\/ -->\n<title>Mentions l\u00e9gales - AE AVOCATS<\/title>\n<meta name=\"robots\" content=\"index, follow, max-snippet:-1, max-image-preview:large, max-video-preview:-1\" \/>\n<link rel=\"canonical\" href=\"https:\/\/www.aeavocats.fr\/index.php\/mentions-legales\/\" \/>\n<meta property=\"og:locale\" content=\"fr_FR\" \/>\n<meta property=\"og:type\" content=\"article\" \/>\n<meta property=\"og:title\" content=\"Mentions l\u00e9gales - AE AVOCATS\" \/>\n<meta property=\"og:description\" content=\"Conform\u00e9ment aux dispositions des Articles 6-III et 19 de la Loi n\u00b02004-575 du 21 juin 2004 pour la...\" \/>\n<meta property=\"og:url\" content=\"https:\/\/www.aeavocats.fr\/index.php\/mentions-legales\/\" \/>\n<meta property=\"og:site_name\" content=\"AE AVOCATS\" \/>\n<meta property=\"article:modified_time\" content=\"2025-02-24T20:59:22+00:00\" \/>\n<meta name=\"twitter:card\" content=\"summary_large_image\" \/>\n<meta name=\"twitter:label1\" content=\"Dur\u00e9e de lecture estim\u00e9e\" \/>\n\t<meta name=\"twitter:data1\" content=\"2 minutes\" \/>\n<script type=\"application\/ld+json\" class=\"yoast-schema-graph\">{\"@context\":\"https:\/\/schema.org\",\"@graph\":[{\"@type\":\"WebPage\",\"@id\":\"https:\/\/www.aeavocats.fr\/index.php\/mentions-legales\/\",\"url\":\"https:\/\/www.aeavocats.fr\/index.php\/mentions-legales\/\",\"name\":\"Mentions l\u00e9gales - AE AVOCATS\",\"isPartOf\":{\"@id\":\"https:\/\/www.aeavocats.fr\/#website\"},\"datePublished\":\"2025-02-11T23:18:16+00:00\",\"dateModified\":\"2025-02-24T20:59:22+00:00\",\"breadcrumb\":{\"@id\":\"https:\/\/www.aeavocats.fr\/index.php\/mentions-legales\/#breadcrumb\"},\"inLanguage\":\"fr-FR\",\"potentialAction\":[{\"@type\":\"ReadAction\",\"target\":[\"https:\/\/www.aeavocats.fr\/index.php\/mentions-legales\/\"]}]},{\"@type\":\"BreadcrumbList\",\"@id\":\"https:\/\/www.aeavocats.fr\/index.php\/mentions-legales\/#breadcrumb\",\"itemListElement\":[{\"@type\":\"ListItem\",\"position\":1,\"name\":\"Accueil\",\"item\":\"https:\/\/www.aeavocats.fr\/\"},{\"@type\":\"ListItem\",\"position\":2,\"name\":\"Mentions l\u00e9gales\"}]},{\"@type\":\"WebSite\",\"@id\":\"https:\/\/www.aeavocats.fr\/#website\",\"url\":\"https:\/\/www.aeavocats.fr\/\",\"name\":\"AE AVOCATS\",\"description\":\"Une autre vision du droit\",\"publisher\":{\"@id\":\"https:\/\/www.aeavocats.fr\/#organization\"},\"potentialAction\":[{\"@type\":\"SearchAction\",\"target\":{\"@type\":\"EntryPoint\",\"urlTemplate\":\"https:\/\/www.aeavocats.fr\/?s={search_term_string}\"},\"query-input\":{\"@type\":\"PropertyValueSpecification\",\"valueRequired\":true,\"valueName\":\"search_term_string\"}}],\"inLanguage\":\"fr-FR\"},{\"@type\":\"Organization\",\"@id\":\"https:\/\/www.aeavocats.fr\/#organization\",\"name\":\"AE AVOCATS\",\"url\":\"https:\/\/www.aeavocats.fr\/\",\"logo\":{\"@type\":\"ImageObject\",\"inLanguage\":\"fr-FR\",\"@id\":\"https:\/\/www.aeavocats.fr\/#\/schema\/logo\/image\/\",\"url\":\"https:\/\/www.aeavocats.fr\/wp-content\/uploads\/2025\/02\/Fichier-12.png\",\"contentUrl\":\"https:\/\/www.aeavocats.fr\/wp-content\/uploads\/2025\/02\/Fichier-12.png\",\"width\":1312,\"height\":180,\"caption\":\"AE AVOCATS\"},\"image\":{\"@id\":\"https:\/\/www.aeavocats.fr\/#\/schema\/logo\/image\/\"}}]}<\/script>\n<!-- \/ Yoast SEO plugin. -->","yoast_head_json":{"title":"Mentions l\u00e9gales - AE AVOCATS","robots":{"index":"index","follow":"follow","max-snippet":"max-snippet:-1","max-image-preview":"max-image-preview:large","max-video-preview":"max-video-preview:-1"},"canonical":"https:\/\/www.aeavocats.fr\/index.php\/mentions-legales\/","og_locale":"fr_FR","og_type":"article","og_title":"Mentions l\u00e9gales - AE AVOCATS","og_description":"Conform\u00e9ment aux dispositions des Articles 6-III et 19 de la Loi n\u00b02004-575 du 21 juin 2004 pour la...","og_url":"https:\/\/www.aeavocats.fr\/index.php\/mentions-legales\/","og_site_name":"AE AVOCATS","article_modified_time":"2025-02-24T20:59:22+00:00","twitter_card":"summary_large_image","twitter_misc":{"Dur\u00e9e de lecture estim\u00e9e":"2 minutes"},"schema":{"@context":"https:\/\/schema.org","@graph":[{"@type":"WebPage","@id":"https:\/\/www.aeavocats.fr\/index.php\/mentions-legales\/","url":"https:\/\/www.aeavocats.fr\/index.php\/mentions-legales\/","name":"Mentions l\u00e9gales - AE AVOCATS","isPartOf":{"@id":"https:\/\/www.aeavocats.fr\/#website"},"datePublished":"2025-02-11T23:18:16+00:00","dateModified":"2025-02-24T20:59:22+00:00","breadcrumb":{"@id":"https:\/\/www.aeavocats.fr\/index.php\/mentions-legales\/#breadcrumb"},"inLanguage":"fr-FR","potentialAction":[{"@type":"ReadAction","target":["https:\/\/www.aeavocats.fr\/index.php\/mentions-legales\/"]}]},{"@type":"BreadcrumbList","@id":"https:\/\/www.aeavocats.fr\/index.php\/mentions-legales\/#breadcrumb","itemListElement":[{"@type":"ListItem","position":1,"name":"Accueil","item":"https:\/\/www.aeavocats.fr\/"},{"@type":"ListItem","position":2,"name":"Mentions l\u00e9gales"}]},{"@type":"WebSite","@id":"https:\/\/www.aeavocats.fr\/#website","url":"https:\/\/www.aeavocats.fr\/","name":"AE AVOCATS","description":"Une autre vision du droit","publisher":{"@id":"https:\/\/www.aeavocats.fr\/#organization"},"potentialAction":[{"@type":"SearchAction","target":{"@type":"EntryPoint","urlTemplate":"https:\/\/www.aeavocats.fr\/?s={search_term_string}"},"query-input":{"@type":"PropertyValueSpecification","valueRequired":true,"valueName":"search_term_string"}}],"inLanguage":"fr-FR"},{"@type":"Organization","@id":"https:\/\/www.aeavocats.fr\/#organization","name":"AE AVOCATS","url":"https:\/\/www.aeavocats.fr\/","logo":{"@type":"ImageObject","inLanguage":"fr-FR","@id":"https:\/\/www.aeavocats.fr\/#\/schema\/logo\/image\/","url":"https:\/\/www.aeavocats.fr\/wp-content\/uploads\/2025\/02\/Fichier-12.png","contentUrl":"https:\/\/www.aeavocats.fr\/wp-content\/uploads\/2025\/02\/Fichier-12.png","width":1312,"height":180,"caption":"AE AVOCATS"},"image":{"@id":"https:\/\/www.aeavocats.fr\/#\/schema\/logo\/image\/"}}]}},"_links":{"self":[{"href":"https:\/\/www.aeavocats.fr\/index.php\/wp-json\/wp\/v2\/pages\/265","targetHints":{"allow":["GET"]}}],"collection":[{"href":"https:\/\/www.aeavocats.fr\/index.php\/wp-json\/wp\/v2\/pages"}],"about":[{"href":"https:\/\/www.aeavocats.fr\/index.php\/wp-json\/wp\/v2\/types\/page"}],"author":[{"embeddable":true,"href":"https:\/\/www.aeavocats.fr\/index.php\/wp-json\/wp\/v2\/users\/2"}],"replies":[{"embeddable":true,"href":"https:\/\/www.aeavocats.fr\/index.php\/wp-json\/wp\/v2\/comments?post=265"}],"version-history":[{"count":0,"href":"https:\/\/www.aeavocats.fr\/index.php\/wp-json\/wp\/v2\/pages\/265\/revisions"}],"wp:attachment":[{"href":"https:\/\/www.aeavocats.fr\/index.php\/wp-json\/wp\/v2\/media?parent=265"}],"curies":[{"name":"wp","href":"https:\/\/api.w.org\/{rel}","templated":true}]}}